{"id":10157,"date":"2025-10-21T17:19:39","date_gmt":"2025-10-21T17:19:39","guid":{"rendered":"https:\/\/ample.al\/theacademy\/?page_id=10157"},"modified":"2025-11-12T08:35:37","modified_gmt":"2025-11-12T08:35:37","slug":"login-register","status":"publish","type":"page","link":"https:\/\/ample.al\/theacademy\/","title":{"rendered":"Login \/ Register"},"content":{"rendered":"\t\t<div data-elementor-type=\"wp-page\" data-elementor-id=\"10157\" class=\"elementor elementor-10157\">\n\t\t\t\t<div class=\"elementor-element elementor-element-40ea49d e-flex e-con-boxed e-con e-parent\" data-id=\"40ea49d\" data-element_type=\"container\" data-settings=\"{&quot;wcf_enable_cursor_hover_effect_text&quot;:&quot;View&quot;,&quot;background_background&quot;:&quot;classic&quot;,&quot;wcf-animation&quot;:&quot;none&quot;}\">\n\t\t\t\t\t<div class=\"e-con-inner\">\n\t\t\t\t<div class=\"elementor-element elementor-element-16b0c6b wcf-t-animation-char elementor-widget elementor-widget-heading\" data-id=\"16b0c6b\" data-element_type=\"widget\" data-settings=\"{&quot;wcf_text_animation&quot;:&quot;char&quot;,&quot;text_delay&quot;:0.1000000000000000055511151231257827021181583404541015625,&quot;text_duration&quot;:0.59999999999999997779553950749686919152736663818359375,&quot;text_stagger&quot;:0.01000000000000000020816681711721685132943093776702880859375,&quot;text_on_scroll&quot;:&quot;yes&quot;,&quot;text_translate_x&quot;:20,&quot;text_translate_y&quot;:0,&quot;wcf-animation&quot;:&quot;none&quot;}\" data-widget_type=\"heading.default\">\n\t\t\t\t<div class=\"elementor-widget-container\">\n\t\t\t\t\t<h2 class=\"elementor-heading-title elementor-size-default\">Mir\u00eb se vini n\u00eb Edukimin Mjek\u00ebsor n\u00eb Vazhdim <b>\u201cDiabeti n\u00eb Fokus\u201d<\/b><br>t\u00eb mund\u00ebsuar nga Zyra e P\u00ebrfaq\u00ebsis\u00eb Novo Nordisk Pharma Operations A\/S, Shqip\u00ebri.<\/h2>\t\t\t\t<\/div>\n\t\t\t\t<\/div>\n\t\t\t\t<div class=\"elementor-element elementor-element-49780d4 wcf-t-animation-none elementor-widget elementor-widget-text-editor\" data-id=\"49780d4\" data-element_type=\"widget\" data-settings=\"{&quot;wcf_text_animation&quot;:&quot;none&quot;,&quot;wcf-animation&quot;:&quot;none&quot;}\" data-widget_type=\"text-editor.default\">\n\t\t\t\t<div class=\"elementor-widget-container\">\n\t\t\t\t\t\t\t\t\t<p>Informacioni n\u00eb k\u00ebt\u00eb faqe interneti dedikohet vet\u00ebm p\u00ebr Profesionist\u00ebt e Kujdesit Sh\u00ebndet\u00ebsor dhe ofrohet vet\u00ebm p\u00ebr q\u00ebllime t\u00eb edukimit shkencor.<\/p><p>Faqja e internetit nuk ka p\u00ebr q\u00ebllim t\u00eb ofroj\u00eb k\u00ebshilla mjek\u00ebsore dhe\/ose udh\u00ebzime p\u00ebr trajtimin.<\/p><p>Prandaj, p\u00ebrpara se t\u00eb p\u00ebrshkruani ndonj\u00eb produkt, gjithmon\u00eb referojuni informacionit t\u00eb miratuar nga autoritetet rregullatore n\u00eb vendin ton\u00eb, si\u00e7 \u00ebsht\u00eb informacioni i p\u00ebrshkrimit dhe\/ose P\u00ebrmbledhja e Karakteristikave\u00a0t\u00eb\u00a0Produktit.<\/p>\t\t\t\t\t\t\t\t<\/div>\n\t\t\t\t<\/div>\n\t\t\t\t\t<\/div>\n\t\t\t\t<\/div>\n\t\t<div class=\"elementor-element elementor-element-7cb5e52 e-flex e-con-boxed e-con e-parent\" data-id=\"7cb5e52\" data-element_type=\"container\" data-settings=\"{&quot;wcf_enable_cursor_hover_effect_text&quot;:&quot;View&quot;,&quot;background_background&quot;:&quot;classic&quot;,&quot;wcf-animation&quot;:&quot;none&quot;}\">\n\t\t\t\t\t<div class=\"e-con-inner\">\n\t\t<div class=\"elementor-element elementor-element-427807d e-con-full e-flex e-con e-child\" data-id=\"427807d\" data-element_type=\"container\" data-settings=\"{&quot;wcf_enable_cursor_hover_effect_text&quot;:&quot;View&quot;,&quot;wcf-animation&quot;:&quot;none&quot;}\">\n\t\t\t\t<div class=\"elementor-element elementor-element-8eff237 elementor-widget elementor-widget-shortcode\" data-id=\"8eff237\" data-element_type=\"widget\" data-settings=\"{&quot;wcf-animation&quot;:&quot;none&quot;}\" data-widget_type=\"shortcode.default\">\n\t\t\t\t<div class=\"elementor-widget-container\">\n\t\t\t\t\t\t\t<div class=\"elementor-shortcode\">\r\n<div class=\"xoo-el-form-container xoo-el-form-inline\" data-active=\"login\">\r\n\r\n\t\r\n\t\r\n\t\r\n<div class=\"xoo-el-header\">\r\n\t<ul class=\"xoo-el-tabs\">\r\n\t\t\r\n        \t\t  <li data-tab=\"login\" class=\"xoo-el-login-tgr\" style=\"order: 0 \">Login<\/li>\r\n        \r\n\t\t \r\n\t\t\t<li data-tab=\"register\" class=\"xoo-el-reg-tgr\" style=\"order: 1\">Regjistrohu<\/li>\r\n\t\t\r\n\t<\/ul>\r\n<\/div>\r\n\t\r\n\t\r\n\t\t\r\n\t\t\t\r\n\t\t<div data-section=\"login\" class=\"xoo-el-section\">\r\n\r\n\t\t\t<div class=\"xoo-el-fields\">\r\n\r\n\t\t\t\t<div class=\"xoo-el-notice\"><\/div>\r\n\t\t\t\t<form class=\"xoo-el-action-form xoo-el-form-login\">\r\n\r\n\t\t\t\t\t\r\n\t\t\t\t\t<div class=\"xoo-el-fields-cont\"><div class=\"xoo-aff-group xoo-aff-cont-text one xoo-aff-cont-required xoo-el-username_cont\"><div class=\"xoo-aff-input-group\"><span class=\"xoo-aff-input-icon fas fa-user-plus\"><\/span><input type=\"text\" class=\"xoo-aff-required xoo-aff-text\" name=\"xoo-el-username\" placeholder=\"Username \/ Email\"  value=\"\" required=\"\t\" autocomplete=\"username\"\/><\/div><\/div><div class=\"xoo-aff-group xoo-aff-cont-password one xoo-aff-cont-required xoo-el-password_cont\"><div class=\"xoo-aff-input-group\"><span class=\"xoo-aff-input-icon fas fa-key\"><\/span><input type=\"password\" class=\"xoo-aff-required xoo-aff-password\" name=\"xoo-el-password\" placeholder=\"Password\"  value=\"\" required=\"\t\" autocomplete=\"current-password\"\/><div class=\"xoo-aff-pw-toggle\">\r\n\t\t\t\t\t<span class=\"xoo-aff-pwtog-show\"><i class=\"far fa-eye\"><\/i><\/span>\r\n\t\t\t\t\t<span class=\"xoo-aff-pwtog-hide\"><i class=\"far fa-eye-slash\"><\/i><\/span>\r\n\t\t\t\t\t<\/div><\/div><\/div><\/div>\r\n<div class=\"xoo-aff-group xoo-el-login-btm-fields\">\r\n\t<label class=\"xoo-el-form-label\">\r\n\t\t<input type=\"checkbox\" name=\"xoo-el-rememberme\" value=\"forever\" \/>\r\n\t\t<span>Remember me<\/span>\r\n\t<\/label>\r\n\t<a class=\"xoo-el-lostpw-tgr\" rel=\"nofollow\" href=\"#\">Forgot Password?<\/a>\r\n<\/div>\r\n\r\n\r\n<input type=\"hidden\" name=\"_xoo_el_form\" value=\"login\">\r\n\r\n<button type=\"submit\" class=\"button btn xoo-el-action-btn xoo-el-login-btn\" >Sign in<\/button>\r\n\r\n<input type=\"hidden\" name=\"xoo_el_redirect\" value=\"https:\/\/ample.al\/theacademy\/home\/\">\r\n\t\t\t\t\t\r\n\t\t\t\t<\/form>\r\n\r\n\t\t\t\t\r\n\t\r\n\t\r\n\r\n\t\r\n\t\r\n\t\t\t<\/div>\r\n\r\n\t\t<\/div>\r\n\r\n\t\r\n\t\t\t\r\n\t\t<div data-section=\"register\" class=\"xoo-el-section\">\r\n\r\n\t\t\t<div class=\"xoo-el-fields\">\r\n\r\n\t\t\t\t<div class=\"xoo-el-notice\"><\/div>\r\n\t\t\t\t<form class=\"xoo-el-action-form xoo-el-form-register\">\r\n\r\n\t\t\t\t\t\r\n\t\t\t\t\t<div class=\"xoo-el-fields-cont\"><div class=\"xoo-aff-group xoo-aff-cont-email one xoo-aff-cont-required xoo_el_reg_email_cont\"><div class=\"xoo-aff-input-group\"><span class=\"xoo-aff-input-icon fas fa-at\"><\/span><input type=\"email\" class=\"xoo-aff-required xoo-aff-email\" name=\"xoo_el_reg_email\" placeholder=\"Email\"  value=\"\" required=\"\t\" autocomplete=\"email\"\/><\/div><\/div><div class=\"xoo-aff-group xoo-aff-cont-text onehalf xoo-aff-cont-required xoo_el_reg_fname_cont\"><div class=\"xoo-aff-input-group\"><span class=\"xoo-aff-input-icon far fa-user\"><\/span><input type=\"text\" class=\"xoo-aff-required xoo-aff-text\" name=\"xoo_el_reg_fname\" placeholder=\"Emri\"  value=\"\" required=\"\t\"\/><\/div><\/div><div class=\"xoo-aff-group xoo-aff-cont-text onehalf xoo-aff-cont-required xoo_el_reg_lname_cont\"><div class=\"xoo-aff-input-group\"><span class=\"xoo-aff-input-icon far fa-user\"><\/span><input type=\"text\" class=\"xoo-aff-required xoo-aff-text\" name=\"xoo_el_reg_lname\" placeholder=\"Mbiemri\"  value=\"\" required=\"\t\"\/><\/div><\/div><div class=\"xoo-aff-group xoo-aff-cont-password onehalf xoo-aff-cont-required xoo_el_reg_pass_cont\"><div class=\"xoo-aff-input-group\"><span class=\"xoo-aff-input-icon fas fa-key\"><\/span><input type=\"password\" class=\"xoo-aff-required xoo-aff-password\" name=\"xoo_el_reg_pass\" placeholder=\"Password\"  value=\"\" maxlength=\"20\" minlength=\"6\" required=\"\t\" autocomplete=\"new-password\"\/><div class=\"xoo-aff-pw-toggle\">\r\n\t\t\t\t\t<span class=\"xoo-aff-pwtog-show\"><i class=\"far fa-eye\"><\/i><\/span>\r\n\t\t\t\t\t<span class=\"xoo-aff-pwtog-hide\"><i class=\"far fa-eye-slash\"><\/i><\/span>\r\n\t\t\t\t\t<\/div><\/div><\/div><div class=\"xoo-aff-group xoo-aff-cont-text onehalf xoo-aff-cont-required xoo_aff_text_kg4e1_cont\"><div class=\"xoo-aff-input-group\"><span class=\"xoo-aff-input-icon far fa-user\"><\/span><input type=\"text\" class=\"xoo-aff-required xoo-aff-text\" name=\"xoo_aff_text_kg4e1\" placeholder=\"Profesioni\"  value=\"\" required=\"\t\"\/><\/div><\/div><div class=\"xoo-aff-group xoo-aff-cont-text onehalf xoo-aff-cont-required xoo_aff_text_3mzir_cont\"><div class=\"xoo-aff-input-group\"><span class=\"xoo-aff-input-icon far fa-user\"><\/span><input type=\"text\" class=\"xoo-aff-required xoo-aff-text\" name=\"xoo_aff_text_3mzir\" placeholder=\"Specialiteti\"  value=\"\" required=\"\t\"\/><\/div><\/div><div class=\"xoo-aff-group xoo-aff-cont-text onehalf xoo-aff-cont-required xoo_aff_text_9jdvh_cont\"><div class=\"xoo-aff-input-group\"><span class=\"xoo-aff-input-icon far fa-user\"><\/span><input type=\"text\" class=\"xoo-aff-required xoo-aff-text\" name=\"xoo_aff_text_9jdvh\" placeholder=\"Vendi i pun\u00ebs\"  value=\"\" required=\"\t\"\/><\/div><\/div><div class=\"xoo-aff-group xoo-aff-cont-checkbox_single one xoo-aff-cont-required xoo_el_reg_terms_cont\"><div class=\"xoo-aff-required xoo-aff-checkbox_single\"><label><input type=\"checkbox\" name=\"xoo_el_reg_terms\" class=\"xoo-aff-required xoo-aff-checkbox_single\" value=\"yes\" >I accept the <a href=\"https:\/\/ample.al\/consent-form-for-data-collection-and-use\/\" target=\"_blank\"> Terms of Service and Privacy Policy <\/a><\/label><\/div><\/div><\/div>\r\n<input type=\"hidden\" name=\"_xoo_el_form\" value=\"register\">\r\n\r\n\r\n<button type=\"submit\" class=\"button btn xoo-el-action-btn xoo-el-register-btn\">Regjistrohu tani<\/button>\r\n\r\n<input type=\"hidden\" name=\"xoo_el_redirect\" value=\"https:\/\/ample.al\/theacademy\/home\/\">\r\n\t\t\t\t\t\r\n\t\t\t\t<\/form>\r\n\r\n\t\t\t\t\r\n\t\r\n\t\r\n\r\n\t\r\n\t\r\n\t\t\t<\/div>\r\n\r\n\t\t<\/div>\r\n\r\n\t\r\n\t\t\t\r\n\t\t<div data-section=\"lostpw\" class=\"xoo-el-section\">\r\n\r\n\t\t\t<div class=\"xoo-el-fields\">\r\n\r\n\t\t\t\t<div class=\"xoo-el-notice\"><\/div>\r\n\t\t\t\t<form class=\"xoo-el-action-form xoo-el-form-lostpw\">\r\n\r\n\t\t\t\t\t\r\n\t\t\t\t\t\r\n\r\n<span class=\"xoo-el-form-txt\">Lost your password? Please enter your username or email address. You will receive a link to create a new password via email.<\/span>\r\n\r\n<div class=\"xoo-el-fields-cont\"><div class=\"xoo-aff-group xoo-aff-cont-text one xoo-aff-cont-required user_login_cont\"><div class=\"xoo-aff-input-group\"><span class=\"xoo-aff-input-icon fas fa-user-plus\"><\/span><input type=\"text\" class=\"xoo-aff-required xoo-aff-text\" name=\"user_login\" placeholder=\"Username \/ Email\"  value=\"\" required=\"\t\"\/><\/div><\/div><\/div>\r\n\r\n<input type=\"hidden\" name=\"_xoo_el_form\" value=\"lostPassword\">\r\n\r\n<input type=\"hidden\" name=\"_wp_http_referer\" value=\"\/theacademy\/wp-json\/wp\/v2\/pages\/10157\" \/>\r\n<button type=\"submit\" class=\"button btn xoo-el-action-btn xoo-el-lostpw-btn\">Email Reset Link<\/button>\r\n\t\t\t\t\t\r\n\t\t\t\t<\/form>\r\n\r\n\t\t\t\t\r\n\t\r\n\t\r\n\r\n\t\r\n\t\r\n\t\t\t<\/div>\r\n\r\n\t\t<\/div>\r\n\r\n\t\r\n\t\r\n<\/div><\/div>\n\t\t\t\t\t\t<\/div>\n\t\t\t\t<\/div>\n\t\t\t\t<\/div>\n\t\t\t\t\t<\/div>\n\t\t\t\t<\/div>\n\t\t\t\t<\/div>\n\t\t","protected":false},"excerpt":{"rendered":"<p>Mir\u00eb se vini n\u00eb Edukimin Mjek\u00ebsor n\u00eb Vazhdim \u201cDiabeti n\u00eb Fokus\u201dt\u00eb mund\u00ebsuar nga Zyra e P\u00ebrfaq\u00ebsis\u00eb Novo Nordisk Pharma Operations A\/S, Shqip\u00ebri. Informacioni n\u00eb k\u00ebt\u00eb faqe interneti dedikohet vet\u00ebm p\u00ebr Profesionist\u00ebt e Kujdesit Sh\u00ebndet\u00ebsor dhe ofrohet vet\u00ebm p\u00ebr q\u00ebllime t\u00eb edukimit shkencor. Faqja e internetit nuk ka p\u00ebr q\u00ebllim t\u00eb ofroj\u00eb k\u00ebshilla mjek\u00ebsore dhe\/ose udh\u00ebzime [&hellip;]<\/p>\n","protected":false},"author":1,"featured_media":0,"parent":0,"menu_order":0,"comment_status":"closed","ping_status":"closed","template":"elementor_header_footer","meta":{"inline_featured_image":false,"footnotes":""},"class_list":["post-10157","page","type-page","status-publish","hentry"],"_links":{"self":[{"href":"https:\/\/ample.al\/theacademy\/wp-json\/wp\/v2\/pages\/10157","targetHints":{"allow":["GET"]}}],"collection":[{"href":"https:\/\/ample.al\/theacademy\/wp-json\/wp\/v2\/pages"}],"about":[{"href":"https:\/\/ample.al\/theacademy\/wp-json\/wp\/v2\/types\/page"}],"author":[{"embeddable":true,"href":"https:\/\/ample.al\/theacademy\/wp-json\/wp\/v2\/users\/1"}],"replies":[{"embeddable":true,"href":"https:\/\/ample.al\/theacademy\/wp-json\/wp\/v2\/comments?post=10157"}],"version-history":[{"count":142,"href":"https:\/\/ample.al\/theacademy\/wp-json\/wp\/v2\/pages\/10157\/revisions"}],"predecessor-version":[{"id":10803,"href":"https:\/\/ample.al\/theacademy\/wp-json\/wp\/v2\/pages\/10157\/revisions\/10803"}],"wp:attachment":[{"href":"https:\/\/ample.al\/theacademy\/wp-json\/wp\/v2\/media?parent=10157"}],"curies":[{"name":"wp","href":"https:\/\/api.w.org\/{rel}","templated":true}]}}